{"id":4755,"date":"2024-02-13T14:03:55","date_gmt":"2024-02-13T14:03:55","guid":{"rendered":"https:\/\/bipress.boku.ac.at\/camda2026\/?page_id=4755"},"modified":"2026-03-08T14:30:11","modified_gmt":"2026-03-08T14:30:11","slug":"commitees","status":"publish","type":"page","link":"https:\/\/bipress.boku.ac.at\/camda2026\/commitees\/","title":{"rendered":"Commitees"},"content":{"rendered":"\t\t<div data-elementor-type=\"wp-page\" data-elementor-id=\"4755\" class=\"elementor elementor-4755\">\n\t\t\t\t\t\t<section class=\"elementor-section elementor-top-section elementor-element elementor-element-8f406b1 elementor-section-boxed elementor-section-height-default elementor-section-height-default\" data-id=\"8f406b1\" data-element_type=\"section\">\n\t\t\t\t\t\t<div class=\"elementor-container elementor-column-gap-default\">\n\t\t\t\t\t<div class=\"elementor-column elementor-col-100 elementor-top-column elementor-element elementor-element-9a8254e\" data-id=\"9a8254e\" data-element_type=\"column\">\n\t\t\t<div class=\"elementor-widget-wrap elementor-element-populated\">\n\t\t\t\t\t\t<div class=\"elementor-element elementor-element-636d231 elementor-widget elementor-widget-heading\" data-id=\"636d231\" data-element_type=\"widget\" data-widget_type=\"heading.default\">\n\t\t\t\t<div class=\"elementor-widget-container\">\n\t\t\t<style>\/*! elementor - v3.23.0 - 05-08-2024 *\/\n.elementor-heading-title{padding:0;margin:0;line-height:1}.elementor-widget-heading .elementor-heading-title[class*=elementor-size-]>a{color:inherit;font-size:inherit;line-height:inherit}.elementor-widget-heading .elementor-heading-title.elementor-size-small{font-size:15px}.elementor-widget-heading .elementor-heading-title.elementor-size-medium{font-size:19px}.elementor-widget-heading .elementor-heading-title.elementor-size-large{font-size:29px}.elementor-widget-heading .elementor-heading-title.elementor-size-xl{font-size:39px}.elementor-widget-heading .elementor-heading-title.elementor-size-xxl{font-size:59px}<\/style><h2 class=\"elementor-heading-title elementor-size-default\">Committees<\/h2>\t\t<\/div>\n\t\t\t\t<\/div>\n\t\t\t\t\t<\/div>\n\t\t<\/div>\n\t\t\t\t\t<\/div>\n\t\t<\/section>\n\t\t\t\t<section class=\"elementor-section elementor-top-section elementor-element elementor-element-0efcd99 elementor-section-boxed elementor-section-height-default elementor-section-height-default\" data-id=\"0efcd99\" data-element_type=\"section\">\n\t\t\t\t\t\t<div class=\"elementor-container elementor-column-gap-default\">\n\t\t\t\t\t<div class=\"elementor-column elementor-col-100 elementor-top-column elementor-element elementor-element-f06da7e\" data-id=\"f06da7e\" data-element_type=\"column\">\n\t\t\t<div class=\"elementor-widget-wrap elementor-element-populated\">\n\t\t\t\t\t\t<div class=\"elementor-element elementor-element-b726337 elementor-widget elementor-widget-text-editor\" data-id=\"b726337\" data-element_type=\"widget\" data-widget_type=\"text-editor.default\">\n\t\t\t\t<div class=\"elementor-widget-container\">\n\t\t\t<style>\/*! elementor - v3.23.0 - 05-08-2024 *\/\n.elementor-widget-text-editor.elementor-drop-cap-view-stacked .elementor-drop-cap{background-color:#69727d;color:#fff}.elementor-widget-text-editor.elementor-drop-cap-view-framed .elementor-drop-cap{color:#69727d;border:3px solid;background-color:transparent}.elementor-widget-text-editor:not(.elementor-drop-cap-view-default) .elementor-drop-cap{margin-top:8px}.elementor-widget-text-editor:not(.elementor-drop-cap-view-default) .elementor-drop-cap-letter{width:1em;height:1em}.elementor-widget-text-editor .elementor-drop-cap{float:left;text-align:center;line-height:1;font-size:50px}.elementor-widget-text-editor .elementor-drop-cap-letter{display:inline-block}<\/style>\t\t\t\t<h1>Organizing committee<\/h1><div><p><strong style=\"color: var( --e-global-color-text )\"><a title=\"http:\/\/www.clinbioinfosspa.es\/people\" href=\"https:\/\/www.clinbioinfosspa.es\/people\" target=\"_blank\" rel=\"nofollow noopener\">Joaqu\u00edn Dopazo<\/a><\/strong><br \/>Andalusian Public Foundation Progress and Health-FPS, and<br \/>University Hospital Virgen del Roc\u00edo\/CSIC\/University of Sevilla, Seville, Spain<\/p><p><strong style=\"color: var( --e-global-color-text )\"><a title=\"https:\/\/www.iscb.org\/iscb-leadership-a-staff\/staff-contractors\" href=\"https:\/\/www.iscb.org\/about-iscb\/leadership\/staff-contractors\" target=\"_blank\" rel=\"nofollow noopener\">Diane Kovats<\/a><br \/><\/strong><span style=\"color: var( --e-global-color-text )\">International Society for Computational Biology, USA.<\/span><\/p><p><strong><a title=\"http:\/\/bioinf.boku.ac.at\/DPKreil.php\" href=\"http:\/\/bioinf.boku.ac.at\/DPKreil.php\" target=\"_blank\" rel=\"nofollow noopener\">David P. Kreil<\/a><\/strong><br \/>Boku University Vienna, Vienna, Austria<\/p><p><strong><a title=\"http:\/\/www.mcb.uj.edu.pl\/bioinformatyka\" href=\"https:\/\/mcb.uj.edu.pl\/en_GB\/labaj-bioinformatyka\" target=\"_blank\" rel=\"nofollow noopener\">Pawe\u0142 P \u0141abaj<\/a><\/strong><br \/>Ma\u0142opolska Centre of Biotechnology, Jagiellonian University, Krak\u00f3w, Poland, and<br \/>Boku University Vienna, Vienna, Austria<\/p><p><strong><a title=\"http:\/\/cfsib.com\/about-us\/our-faculty\/xiao-wenzhong\/\" href=\"https:\/\/researchers.mgh.harvard.edu\/profile\/13341354\/Wenzhong-Xiao\" target=\"_blank\" rel=\"nofollow noopener\" class=\"broken_link\"> Wenzhong Xiao<\/a><\/strong><br \/>Stanford Genome Technology Center, and<br \/>Massachusetts General Hospital, Harvard Medical School, Boston, USA<\/p><\/div><div><h1>Challenges committees<\/h1><h2>The Health Privacy Challenge<\/h2><p><strong>Organisation<\/strong><\/p><p>EMBL (DE):\u00a0<a title=\"https:\/\/github.com\/hkmztrk\" href=\"https:\/\/github.com\/hkmztrk\" target=\"_blank\" rel=\"noopener noreferrer\" data-stringify-link=\"https:\/\/github.com\/hkmztrk\" data-sk=\"tooltip_parent\" data-auth=\"NotApplicable\" data-linkindex=\"0\">Hakime \u00d6zt\u00fcrk <\/a>and\u00a0<a title=\"https:\/\/steglelab.org\/\" href=\"https:\/\/steglelab.org\/\" target=\"_blank\" rel=\"noopener noreferrer\" data-stringify-link=\"https:\/\/steglelab.org\/\" data-sk=\"tooltip_parent\" data-auth=\"NotApplicable\" data-linkindex=\"2\">Oliver Stegle<\/a><\/p><p>CISPA (DE):\u00a0<a title=\"https:\/\/github.com\/tejuafonja\" href=\"https:\/\/github.com\/tejuafonja\" target=\"_blank\" rel=\"noopener noreferrer\" data-stringify-link=\"https:\/\/github.com\/tejuafonja\" data-sk=\"tooltip_parent\" data-auth=\"NotApplicable\" data-linkindex=\"3\">Tejumade Afonja<\/a>,\u00a0<a title=\"https:\/\/github.com\/RuSaBin\" href=\"https:\/\/cispa.de\/en\/people\/c01rubi\" target=\"_blank\" rel=\"noopener noreferrer\" data-stringify-link=\"https:\/\/github.com\/RuSaBin\" data-sk=\"tooltip_parent\" data-auth=\"NotApplicable\" data-linkindex=\"4\">Ruta Binkyte<\/a>\u00a0and\u00a0<a title=\"https:\/\/cispa.de\/en\/research\/groups\/fritz\" href=\"https:\/\/cispa.de\/en\/research\/groups\/fritz\" target=\"_blank\" rel=\"noopener noreferrer\" data-stringify-link=\"https:\/\/cispa.de\/en\/research\/groups\/fritz\" data-sk=\"tooltip_parent\" data-auth=\"NotApplicable\" data-linkindex=\"5\">Mario Fritz<\/a><\/p><p>University of Helsinki (FI):\u00a0\u00a0<a href=\"https:\/\/github.com\/jjalko\">Joonas J\u00e4lk\u00f6\u00a0<\/a>and\u00a0<a title=\"https:\/\/www.cs.helsinki.fi\/u\/ahonkela\/\" href=\"https:\/\/www.cs.helsinki.fi\/u\/ahonkela\/\" target=\"_blank\" rel=\"noopener noreferrer\" data-stringify-link=\"https:\/\/www.cs.helsinki.fi\/u\/ahonkela\/\" data-sk=\"tooltip_parent\" data-auth=\"NotApplicable\" data-linkindex=\"7\">Antti Honkela<\/a><\/p><p><strong>Program Support \u00a0<\/strong><\/p><p>University of Heidelberg (DE): <a href=\"https:\/\/github.com\/pablormier\">Pablo R. Mier<\/a>, <a href=\"https:\/\/github.com\/slobentanzer\">Sebastian Lobentanzer<\/a> and\u00a0<a href=\"https:\/\/saezlab.org\/\">Julio Saez-Rodriguez<\/a><\/p><h2>The Anti-Microbial Resistance Prediction Challenge<\/h2><p><a href=\"https:\/\/www.imperial.ac.uk\/people\/l.chindelevitch\"><strong>Leonid Chindelevitch<\/strong><\/a><\/p><p>Faculty of Medicine,\u00a0School of Public Health, Imperial College London, U.K.<\/p><p><a href=\"https:\/\/mcb.uj.edu.pl\/en_GB\/labaj-bioinformatyka\"><strong>Pawe\u0142 \u0141abaj<\/strong><\/a><\/p><p>Ma\u0142opolska Centre of Biotechnology, Jagiellonian University, Krak\u00f3w, Poland<\/p><h2>The Gut Microbiome Interaction Network Challenge<\/h2><p><strong><a href=\"https:\/\/www.linkedin.com\/in\/kinga-zielinska-798882136\/\" class=\"broken_link\">Kinga Zieli\u0144ska<\/a><br \/><\/strong>Ma\u0142opolska Centre of Biotechnology, Jagiellonian University, Krak\u00f3w, Poland<\/p><p><strong><a href=\"https:\/\/www.linkedin.com\/in\/sylwiabozek\/\" class=\"broken_link\">Sylwia Bo\u017cek<br \/><\/a><\/strong>Sano Centre for Computational Medicine, Krak\u00f3w, Poland<\/p><\/div><h1>Scientific committee<\/h1><div style=\"width: 46%\"><p><strong>Tim Bei\u00dfbarth<\/strong><br \/>Statistical Bioinformatics<br \/>University Medical Center G\u00f6ttingen<br \/>G\u00f6ttingen, Germany<\/p><p><strong>Daniel Berrar<\/strong><br \/>Tokyo Institute of Technology<br \/>Japan<\/p><p><strong>Yana Bromberg<\/strong><br \/>Institute for Advanced Study, Technical University of Munich, Germany<br \/>and<br \/>Department of Genetics, Rutgers University, New Brunswick, NJ USA<\/p><p><strong>Djork-Arn\u00e9 Clevert<\/strong><br \/>Pfizer<br \/>Head of Machine Learning Research, Vice President<br \/>Berlin, Germany<\/p><p><strong>Susmita Datta<\/strong><br \/>Department of Bioinformatics and Biostatistics<br \/>University of Florida, Gainesville, FL USA<\/p><p><strong>Joaquin Dopazo<\/strong><br \/>Fundaci\u00f3n Progreso y Salud<br \/>(Andalusian Ministry of Health),<br \/>University Hospital Virgen del Roc\u00edo<br \/>Seville, Spain<\/p><p><strong>Eran Elhaik<\/strong><br \/>Department of Animal &amp; Plant Sciences<br \/>University of Sheffield<br \/>Sheffield, U.K.<\/p><p><strong style=\"color: var( --e-global-color-text )\">Sepp Hochreiter<\/strong><\/p><p>Institute of Machine Learning<br \/>Johannes Kepler University Linz<br \/>Linz, Austria<\/p><\/div><p><strong>David P. Kreil<\/strong><br \/>Chair of Bioinformatics<br \/>Boku University Vienna<br \/>Austria<\/p><p><strong>Wolfgang Huber<\/strong><br \/>European Molecular Biology Laboratory<br \/>Heidelberg, Germany<\/p><p><strong>Simon M. Lin<\/strong><br \/>Chief Research Information Officer<br \/>Nationwide Children\u2019s Hospital<br \/>Columbus, OH USA<\/p><p><strong>Yves Moreau<\/strong><br \/>K.U. Leuven<br \/>ESAT-SCD (Bioinformatics)<br \/>Leuven, Belgium<\/p><p><strong>Maria Pe\u00f1a<\/strong><br \/>Fundaci\u00f3n Progreso y Salud<br \/>(Andalusian Ministry of Health),<br \/>University Hospital Virgen del Roc\u00edo, Seville, Spain<\/p><p><strong>Ziv Shkedy<\/strong><br \/>Center of Biostatistics and statistical Bioinformatics<br \/>University Hasselt<br \/>Hasselt\/Leuven, Belgium<\/p><p><strong>Shraddha Thakkar<\/strong><br \/>FDA National Center for Toxicological Research<br \/>Jefferson, USA<\/p><p><strong>Armand Valsesia<\/strong><br \/>Genetics Group<br \/>Nestl\u00e9 Institute of Health Sciences<br \/>Lausanne, Switzerland<\/p><p><strong>Wenzhong Xiao<\/strong><br \/>Immuno-Metabolic Computational Center, Massachusetts General Hospital, Harvard Medical School, Boston MA, USA<br \/>and<br \/>Computational Genomics lab, Stanford Genome Technology Center, Stanford CA, USA<\/p><p><strong>Julie Zhu<\/strong><br \/>University of Massachusetts Medical School<br \/>Worcester, MA, USA<\/p>\t\t\t\t\t\t<\/div>\n\t\t\t\t<\/div>\n\t\t\t\t\t<\/div>\n\t\t<\/div>\n\t\t\t\t\t<\/div>\n\t\t<\/section>\n\t\t\t\t<\/div>\n\t\t","protected":false},"excerpt":{"rendered":"<p>\/*! elementor &#8211; v3.23.0 &#8211; 05-08-2024 *\/ .elementor-heading-title{padding:0;margin:0;line-height:1}.elementor-widget-heading .elementor-heading-title[class*=elementor-size-]&gt;a{color:inherit;font-size:inherit;line-height:inherit}.elementor-widget-heading .elementor-heading-title.elementor-size-small{font-size:15px}.elementor-widget-heading .elementor-heading-title.elementor-size-medium{font-size:19px}.elementor-widget-heading .elementor-heading-title.elementor-size-large{font-size:29px}.elementor-widget-heading .elementor-heading-title.elementor-size-xl{font-size:39px}.elementor-widget-heading .elementor-heading-title.elementor-size-xxl{font-size:59px} Committees Organizing committee Joaqu\u00edn DopazoAndalusian Public Foundation Progress and Health-FPS, andUniversity Hospital Virgen del Roc\u00edo\/CSIC\/University of Sevilla, Seville, Spain Diane KovatsInternational Society for Computational Biology, USA. David P. KreilBoku University Vienna, Vienna, Austria Pawe\u0142 P \u0141abajMa\u0142opolska Centre of Biotechnology, Jagiellonian University, Krak\u00f3w, Poland, andBoku University Vienna, [&hellip;]<\/p>\n","protected":false},"author":9,"featured_media":0,"parent":0,"menu_order":0,"comment_status":"closed","ping_status":"closed","template":"","meta":{"_bbp_topic_count":0,"_bbp_reply_count":0,"_bbp_total_topic_count":0,"_bbp_total_reply_count":0,"_bbp_voice_count":0,"_bbp_anonymous_reply_count":0,"_bbp_topic_count_hidden":0,"_bbp_reply_count_hidden":0,"_bbp_forum_subforum_count":0},"_links":{"self":[{"href":"https:\/\/bipress.boku.ac.at\/camda2026\/wp-json\/wp\/v2\/pages\/4755"}],"collection":[{"href":"https:\/\/bipress.boku.ac.at\/camda2026\/wp-json\/wp\/v2\/pages"}],"about":[{"href":"https:\/\/bipress.boku.ac.at\/camda2026\/wp-json\/wp\/v2\/types\/page"}],"author":[{"embeddable":true,"href":"https:\/\/bipress.boku.ac.at\/camda2026\/wp-json\/wp\/v2\/users\/9"}],"replies":[{"embeddable":true,"href":"https:\/\/bipress.boku.ac.at\/camda2026\/wp-json\/wp\/v2\/comments?post=4755"}],"version-history":[{"count":88,"href":"https:\/\/bipress.boku.ac.at\/camda2026\/wp-json\/wp\/v2\/pages\/4755\/revisions"}],"predecessor-version":[{"id":6667,"href":"https:\/\/bipress.boku.ac.at\/camda2026\/wp-json\/wp\/v2\/pages\/4755\/revisions\/6667"}],"wp:attachment":[{"href":"https:\/\/bipress.boku.ac.at\/camda2026\/wp-json\/wp\/v2\/media?parent=4755"}],"curies":[{"name":"wp","href":"https:\/\/api.w.org\/{rel}","templated":true}]}}